{"id":1490,"date":"2023-09-24T18:32:16","date_gmt":"2023-09-24T16:32:16","guid":{"rendered":"https:\/\/www.meubleslequeux.fr\/?page_id=1490"},"modified":"2023-10-01T23:10:56","modified_gmt":"2023-10-01T21:10:56","slug":"prendre-rendez-vous","status":"publish","type":"page","link":"https:\/\/www.meubleslequeux.fr\/index.php\/prendre-rendez-vous\/","title":{"rendered":"Prendre rendez-vous"},"content":{"rendered":"\n<script>\n  if (typeof hasAmeliaEntitiesApiCall === 'undefined' && ('' === '' && '' !== '1')) {\n    var hasAmeliaEntitiesApiCall = true;\n  }\n  var ameliaShortcodeData = (typeof ameliaShortcodeData === 'undefined') ? [] : ameliaShortcodeData;\n  ameliaShortcodeData.push(\n    {\n      'hasApiCall': (typeof hasAmeliaEntitiesApiCall !== 'undefined') && hasAmeliaEntitiesApiCall,\n      'trigger': '',\n      'trigger_type': '',\n      'triggered_form': 'sbsNew',\n      'in_dialog': '',\n      'show': '',\n      'counter': '1000',\n      'category': '',\n      'service': '',\n      'employee': '',\n      'location': '',\n      'package': '',\n      'layout': '',\n    }\n  );\n\n  var ameliaShortcodeDataTriggered = (typeof ameliaShortcodeDataTriggered === 'undefined') ? [] : ameliaShortcodeDataTriggered;\n  if (ameliaShortcodeData[ameliaShortcodeData.length - 1].trigger !== '') {\n    if (ameliaShortcodeDataTriggered.filter(a => a.counter === ameliaShortcodeData[ameliaShortcodeData.length - 1].counter).length === 0) {\n      ameliaShortcodeDataTriggered.push(ameliaShortcodeData.pop());\n    } else {\n      ameliaShortcodeData.pop()\n    }\n  }\n  if (typeof hasAmeliaEntitiesApiCall !== 'undefined' && hasAmeliaEntitiesApiCall) {\n    hasAmeliaEntitiesApiCall = false;\n  }\n<\/script>\n\n<div\n  id=\"amelia-v2-booking-1000\"\n  class=\"amelia-v2-booking\"\n >\n    <step-form-wrapper><\/step-form-wrapper><\/div>\n\n","protected":false},"excerpt":{"rendered":"","protected":false},"author":1,"featured_media":0,"parent":0,"menu_order":0,"comment_status":"closed","ping_status":"closed","template":"100-width.php","meta":{"_monsterinsights_skip_tracking":false,"_monsterinsights_sitenote_active":false,"_monsterinsights_sitenote_note":"","_monsterinsights_sitenote_category":0,"footnotes":""},"class_list":["post-1490","page","type-page","status-publish","hentry"],"yoast_head":"<!-- This site is optimized with the Yoast SEO plugin v27.4 - https:\/\/yoast.com\/product\/yoast-seo-wordpress\/ -->\n<title>Prendre rendez-vous - Meubles Lequeux - Cuisines et meubles dans la Marne<\/title>\n<meta name=\"description\" content=\"Planifiez votre rendez-vous pour discuter de votre projet de cuisine ou de meubles sur mesure dans la Marne. R\u00e9servez d\u00e8s maintenant !\" \/>\n<meta name=\"robots\" content=\"index, follow, max-snippet:-1, max-image-preview:large, max-video-preview:-1\" \/>\n<link rel=\"canonical\" href=\"https:\/\/www.meubleslequeux.fr\/index.php\/prendre-rendez-vous\/\" \/>\n<meta property=\"og:locale\" content=\"fr_FR\" \/>\n<meta property=\"og:type\" content=\"article\" \/>\n<meta property=\"og:title\" content=\"Prendre rendez-vous - Meubles Lequeux - Cuisines et meubles dans la Marne\" \/>\n<meta property=\"og:description\" content=\"Planifiez votre rendez-vous pour discuter de votre projet de cuisine ou de meubles sur mesure dans la Marne. R\u00e9servez d\u00e8s maintenant !\" \/>\n<meta property=\"og:url\" content=\"https:\/\/www.meubleslequeux.fr\/index.php\/prendre-rendez-vous\/\" \/>\n<meta property=\"og:site_name\" content=\"Meubles Lequeux\" \/>\n<meta property=\"article:publisher\" content=\"https:\/\/www.facebook.com\/profile.php?id=100008804599075&amp;locale=fr_FR\" \/>\n<meta property=\"article:modified_time\" content=\"2023-10-01T21:10:56+00:00\" \/>\n<meta name=\"twitter:card\" content=\"summary_large_image\" \/>\n<meta name=\"twitter:label1\" content=\"Dur\u00e9e de lecture estim\u00e9e\" \/>\n\t<meta name=\"twitter:data1\" content=\"1 minute\" \/>\n<script type=\"application\/ld+json\" class=\"yoast-schema-graph\">{\"@context\":\"https:\\\/\\\/schema.org\",\"@graph\":[{\"@type\":\"WebPage\",\"@id\":\"https:\\\/\\\/www.meubleslequeux.fr\\\/index.php\\\/prendre-rendez-vous\\\/\",\"url\":\"https:\\\/\\\/www.meubleslequeux.fr\\\/index.php\\\/prendre-rendez-vous\\\/\",\"name\":\"Prendre rendez-vous - Meubles Lequeux - Cuisines et meubles dans la Marne\",\"isPartOf\":{\"@id\":\"https:\\\/\\\/www.meubleslequeux.fr\\\/#website\"},\"datePublished\":\"2023-09-24T16:32:16+00:00\",\"dateModified\":\"2023-10-01T21:10:56+00:00\",\"description\":\"Planifiez votre rendez-vous pour discuter de votre projet de cuisine ou de meubles sur mesure dans la Marne. R\u00e9servez d\u00e8s maintenant !\",\"breadcrumb\":{\"@id\":\"https:\\\/\\\/www.meubleslequeux.fr\\\/index.php\\\/prendre-rendez-vous\\\/#breadcrumb\"},\"inLanguage\":\"fr-FR\",\"potentialAction\":[{\"@type\":\"ReadAction\",\"target\":[\"https:\\\/\\\/www.meubleslequeux.fr\\\/index.php\\\/prendre-rendez-vous\\\/\"]}]},{\"@type\":\"BreadcrumbList\",\"@id\":\"https:\\\/\\\/www.meubleslequeux.fr\\\/index.php\\\/prendre-rendez-vous\\\/#breadcrumb\",\"itemListElement\":[{\"@type\":\"ListItem\",\"position\":1,\"name\":\"Accueil\",\"item\":\"https:\\\/\\\/www.meubleslequeux.fr\\\/\"},{\"@type\":\"ListItem\",\"position\":2,\"name\":\"Prendre rendez-vous\"}]},{\"@type\":\"WebSite\",\"@id\":\"https:\\\/\\\/www.meubleslequeux.fr\\\/#website\",\"url\":\"https:\\\/\\\/www.meubleslequeux.fr\\\/\",\"name\":\"Meubles Lequeux - Cuisines et meubles dans la Marne\",\"description\":\"D\u00e9couvrez des cuisines et meubles sur mesure dans la Marne, \u00e0 Ch\u00e2lons-en-Champagne - Outrepont. Notre expertise artisanale transforme vos id\u00e9es en r\u00e9alit\u00e9.\",\"publisher\":{\"@id\":\"https:\\\/\\\/www.meubleslequeux.fr\\\/#organization\"},\"alternateName\":\"Meubles Lequeux\",\"potentialAction\":[{\"@type\":\"SearchAction\",\"target\":{\"@type\":\"EntryPoint\",\"urlTemplate\":\"https:\\\/\\\/www.meubleslequeux.fr\\\/?s={search_term_string}\"},\"query-input\":{\"@type\":\"PropertyValueSpecification\",\"valueRequired\":true,\"valueName\":\"search_term_string\"}}],\"inLanguage\":\"fr-FR\"},{\"@type\":\"Organization\",\"@id\":\"https:\\\/\\\/www.meubleslequeux.fr\\\/#organization\",\"name\":\"Meubles Lequeux - Cuisines et meubles dans la Marne\",\"alternateName\":\"St\u00e9phane Lequeux\",\"url\":\"https:\\\/\\\/www.meubleslequeux.fr\\\/\",\"logo\":{\"@type\":\"ImageObject\",\"inLanguage\":\"fr-FR\",\"@id\":\"https:\\\/\\\/www.meubleslequeux.fr\\\/#\\\/schema\\\/logo\\\/image\\\/\",\"url\":\"https:\\\/\\\/www.meubleslequeux.fr\\\/wp-content\\\/uploads\\\/2023\\\/09\\\/logo-stephane-lequeux.png\",\"contentUrl\":\"https:\\\/\\\/www.meubleslequeux.fr\\\/wp-content\\\/uploads\\\/2023\\\/09\\\/logo-stephane-lequeux.png\",\"width\":65,\"height\":80,\"caption\":\"Meubles Lequeux - Cuisines et meubles dans la Marne\"},\"image\":{\"@id\":\"https:\\\/\\\/www.meubleslequeux.fr\\\/#\\\/schema\\\/logo\\\/image\\\/\"},\"sameAs\":[\"https:\\\/\\\/www.facebook.com\\\/profile.php?id=100008804599075&locale=fr_FR\"]}]}<\/script>\n<!-- \/ Yoast SEO plugin. -->","yoast_head_json":{"title":"Prendre rendez-vous - Meubles Lequeux - Cuisines et meubles dans la Marne","description":"Planifiez votre rendez-vous pour discuter de votre projet de cuisine ou de meubles sur mesure dans la Marne. R\u00e9servez d\u00e8s maintenant !","robots":{"index":"index","follow":"follow","max-snippet":"max-snippet:-1","max-image-preview":"max-image-preview:large","max-video-preview":"max-video-preview:-1"},"canonical":"https:\/\/www.meubleslequeux.fr\/index.php\/prendre-rendez-vous\/","og_locale":"fr_FR","og_type":"article","og_title":"Prendre rendez-vous - Meubles Lequeux - Cuisines et meubles dans la Marne","og_description":"Planifiez votre rendez-vous pour discuter de votre projet de cuisine ou de meubles sur mesure dans la Marne. R\u00e9servez d\u00e8s maintenant !","og_url":"https:\/\/www.meubleslequeux.fr\/index.php\/prendre-rendez-vous\/","og_site_name":"Meubles Lequeux","article_publisher":"https:\/\/www.facebook.com\/profile.php?id=100008804599075&locale=fr_FR","article_modified_time":"2023-10-01T21:10:56+00:00","twitter_card":"summary_large_image","twitter_misc":{"Dur\u00e9e de lecture estim\u00e9e":"1 minute"},"schema":{"@context":"https:\/\/schema.org","@graph":[{"@type":"WebPage","@id":"https:\/\/www.meubleslequeux.fr\/index.php\/prendre-rendez-vous\/","url":"https:\/\/www.meubleslequeux.fr\/index.php\/prendre-rendez-vous\/","name":"Prendre rendez-vous - Meubles Lequeux - Cuisines et meubles dans la Marne","isPartOf":{"@id":"https:\/\/www.meubleslequeux.fr\/#website"},"datePublished":"2023-09-24T16:32:16+00:00","dateModified":"2023-10-01T21:10:56+00:00","description":"Planifiez votre rendez-vous pour discuter de votre projet de cuisine ou de meubles sur mesure dans la Marne. R\u00e9servez d\u00e8s maintenant !","breadcrumb":{"@id":"https:\/\/www.meubleslequeux.fr\/index.php\/prendre-rendez-vous\/#breadcrumb"},"inLanguage":"fr-FR","potentialAction":[{"@type":"ReadAction","target":["https:\/\/www.meubleslequeux.fr\/index.php\/prendre-rendez-vous\/"]}]},{"@type":"BreadcrumbList","@id":"https:\/\/www.meubleslequeux.fr\/index.php\/prendre-rendez-vous\/#breadcrumb","itemListElement":[{"@type":"ListItem","position":1,"name":"Accueil","item":"https:\/\/www.meubleslequeux.fr\/"},{"@type":"ListItem","position":2,"name":"Prendre rendez-vous"}]},{"@type":"WebSite","@id":"https:\/\/www.meubleslequeux.fr\/#website","url":"https:\/\/www.meubleslequeux.fr\/","name":"Meubles Lequeux - Cuisines et meubles dans la Marne","description":"D\u00e9couvrez des cuisines et meubles sur mesure dans la Marne, \u00e0 Ch\u00e2lons-en-Champagne - Outrepont. Notre expertise artisanale transforme vos id\u00e9es en r\u00e9alit\u00e9.","publisher":{"@id":"https:\/\/www.meubleslequeux.fr\/#organization"},"alternateName":"Meubles Lequeux","potentialAction":[{"@type":"SearchAction","target":{"@type":"EntryPoint","urlTemplate":"https:\/\/www.meubleslequeux.fr\/?s={search_term_string}"},"query-input":{"@type":"PropertyValueSpecification","valueRequired":true,"valueName":"search_term_string"}}],"inLanguage":"fr-FR"},{"@type":"Organization","@id":"https:\/\/www.meubleslequeux.fr\/#organization","name":"Meubles Lequeux - Cuisines et meubles dans la Marne","alternateName":"St\u00e9phane Lequeux","url":"https:\/\/www.meubleslequeux.fr\/","logo":{"@type":"ImageObject","inLanguage":"fr-FR","@id":"https:\/\/www.meubleslequeux.fr\/#\/schema\/logo\/image\/","url":"https:\/\/www.meubleslequeux.fr\/wp-content\/uploads\/2023\/09\/logo-stephane-lequeux.png","contentUrl":"https:\/\/www.meubleslequeux.fr\/wp-content\/uploads\/2023\/09\/logo-stephane-lequeux.png","width":65,"height":80,"caption":"Meubles Lequeux - Cuisines et meubles dans la Marne"},"image":{"@id":"https:\/\/www.meubleslequeux.fr\/#\/schema\/logo\/image\/"},"sameAs":["https:\/\/www.facebook.com\/profile.php?id=100008804599075&locale=fr_FR"]}]}},"_links":{"self":[{"href":"https:\/\/www.meubleslequeux.fr\/index.php\/wp-json\/wp\/v2\/pages\/1490","targetHints":{"allow":["GET"]}}],"collection":[{"href":"https:\/\/www.meubleslequeux.fr\/index.php\/wp-json\/wp\/v2\/pages"}],"about":[{"href":"https:\/\/www.meubleslequeux.fr\/index.php\/wp-json\/wp\/v2\/types\/page"}],"author":[{"embeddable":true,"href":"https:\/\/www.meubleslequeux.fr\/index.php\/wp-json\/wp\/v2\/users\/1"}],"replies":[{"embeddable":true,"href":"https:\/\/www.meubleslequeux.fr\/index.php\/wp-json\/wp\/v2\/comments?post=1490"}],"version-history":[{"count":2,"href":"https:\/\/www.meubleslequeux.fr\/index.php\/wp-json\/wp\/v2\/pages\/1490\/revisions"}],"predecessor-version":[{"id":1493,"href":"https:\/\/www.meubleslequeux.fr\/index.php\/wp-json\/wp\/v2\/pages\/1490\/revisions\/1493"}],"wp:attachment":[{"href":"https:\/\/www.meubleslequeux.fr\/index.php\/wp-json\/wp\/v2\/media?parent=1490"}],"curies":[{"name":"wp","href":"https:\/\/api.w.org\/{rel}","templated":true}]}}